{"id":75,"date":"2017-10-21T22:21:44","date_gmt":"2017-10-21T20:21:44","guid":{"rendered":"https:\/\/mirjambitter.de\/?page_id=75"},"modified":"2025-12-30T19:56:48","modified_gmt":"2025-12-30T18:56:48","slug":"weitere-texte","status":"publish","type":"page","link":"https:\/\/mirjambitter.de\/index.php\/veroeffentlichungen\/weitere-texte\/","title":{"rendered":"Artikel &#038; Rezensionen"},"content":{"rendered":"<ol>\n<li><a href=\"#rezensionen\">Rezensionen<\/a><\/li>\n<li><a href=\"#artikel\">Sonstige Artikel<\/a>\n<ol>\n<li><a href=\"#blogerim\">Ausgew\u00e4hlte Artikel in <cite>Blogerim<\/cite><\/a><\/li>\n<li><a href=\"#blogkow\">Ausgew\u00e4hlte Artikel in <cite>Kultur oder Wissenschaft<\/cite><\/a><\/li>\n<\/ol>\n<\/li>\n<\/ol>\n<h2 id=\"rezensionen\">Rezensionen<\/h2>\n<div id=\"attachment_141\" style=\"width: 1954px\" class=\"wp-caption aligncenter\"><img loading=\"lazy\" decoding=\"async\" aria-describedby=\"caption-attachment-141\" class=\"wp-image-141 size-full\" src=\"https:\/\/mirjambitter.de\/wp-content\/uploads\/2017\/10\/bei-lektuere.jpg\" alt=\"Schwarz-wei\u00df-Foto von mir mit Buch in der Hand\" width=\"1944\" height=\"1042\" srcset=\"https:\/\/mirjambitter.de\/wp-content\/uploads\/2017\/10\/bei-lektuere.jpg 1944w, https:\/\/mirjambitter.de\/wp-content\/uploads\/2017\/10\/bei-lektuere-300x161.jpg 300w, https:\/\/mirjambitter.de\/wp-content\/uploads\/2017\/10\/bei-lektuere-768x412.jpg 768w, https:\/\/mirjambitter.de\/wp-content\/uploads\/2017\/10\/bei-lektuere-1024x549.jpg 1024w\" sizes=\"auto, (max-width: 1944px) 100vw, 1944px\" \/><p id=\"caption-attachment-141\" class=\"wp-caption-text\">Bei der Lekt\u00fcre eines guten Buches; Foto: Tania Barbagli@Bia<\/p><\/div>\n<ul>\n<li style=\"list-style-type: none;\">\n<ul>\n<li>\u00bbEin Schwein geht um in Europa. Robert Menasse erz\u00e4hlt die EU als von Menschen gemacht \u2013 und deshalb tragikomisch\u00ab [Rezension zu Robert Menasse: <cite>Die Hauptstadt<\/cite>], in: <cite>Kultur oder Wissenschaft<\/cite>, online zug\u00e4nglich unter <a href=\"https:\/\/blogkow.wordpress.com\/2018\/03\/07\/menasse-hauptstadt\/\" target=\"_blank\" rel=\"noopener noreferrer\">https:\/\/blogkow.wordpress.com\/2018\/03\/07\/menasse-hauptstadt\/<\/a><\/li>\n<li>\u00bb\u203aJo, bist eh g\u2019scheit.\u2039 \u2013 literarischer Exorzismusversuch eines promovierten Kulturwissenschaftlers\u00ab [Rezension zu Gerald Lind: <cite>Zerst\u00f6rung<\/cite>], in: <cite>Kultur oder Wissenschaft<\/cite>, online zug\u00e4nglich unter <a href=\"https:\/\/blogkow.wordpress.com\/2013\/08\/17\/rezension_zerstoerung\/\" target=\"_blank\" rel=\"noopener noreferrer\">https:\/\/blogkow.wordpress.com\/2013\/08\/17\/rezension_zerstoerung\/<\/a><\/li>\n<li>Mirjam Bitter, Naomi Lubrich, Mirjam Wenzel: \u00bb<cite>Quasikristalle<\/cite> <cite>\u2013<\/cite> Ein Gespr\u00e4ch \u00fcber j\u00fcdische Fragen, weibliche Lebensentw\u00fcrfe und Erwartungen an Literatur\u00ab [Rezension zu Eva Menasse: <cite>Quasikristalle<\/cite>], in: <cite>Blogerim. Aus dem Alltag des J\u00fcdischen Museums Berlin<\/cite>, online zug\u00e4nglich unter <a href=\"https:\/\/www.jmberlin.de\/dialogische-rezension-eva-menasse-quasikristalle\" target=\"_blank\" rel=\"noopener\">https:\/\/www.jmberlin.de\/dialogische-rezension-eva-menasse-quasikristalle<\/a><\/li>\n<li>\u00bbHitzige K\u00e4lte\u00ab [Rezension zu Robert Schindel: <cite>Der Kalte<\/cite>], in: <cite>Blogerim. Aus dem Alltag des J\u00fcdischen Museums Berlin<\/cite>, online zug\u00e4nglich unter <a href=\"https:\/\/www.jmberlin.de\/blog\/2013\/04\/hitzige-kalte\/\" target=\"_blank\" rel=\"noopener noreferrer\">https:\/\/www.jmberlin.de\/blog\/2013\/04\/hitzige-kalte\/<\/a><\/li>\n<li>Rezension zu Matthias N. Lorenz (Gastred.), <cite>Juden.Bilder<\/cite>. M\u00fcnchen: edition text+kritik, 2008, 126 S., kart., 18,00 EUR. (<cite>text + kritik \u2013 Zeitschrift f\u00fcr Literatur<\/cite>, hrsg. v. Heinz Ludwig Arnold, H. 180), in: <cite>LWU \u2013 Literatur in Wissenschaft und Unterricht<\/cite>, Band 41, Heft 1 (2008), S. 68<cite>\u2013<\/cite>70. [erschienen im April 2010]<\/li>\n<li>\u00bbJETZT ONA NIE! Sex sells politics\u00ab [Rezension zu Marlene Streeruwitz: <cite>Jessica, 30<\/cite>], in: <cite>\u00bbDie Poesie der Politik\u00ab lit05.de \u2013 Magazin f\u00fcr Literaturkritik und literarische \u00d6ffentlichkeit<\/cite> 1 (2005) [mittlerweile nicht mehr online zug\u00e4nglich]<\/li>\n<li>\u00bbEin Gartenzwerg versucht sich als Mittelst\u00fcrmer. Wer sich allen zuwenden will, schie\u00dft auch mal daneben\u00ab, in: \u00bb<cite>Provinz!\u00ab lit04.de\u00a0\u2013 Magazin f\u00fcr Literaturkritik und literarische \u00d6ffentlichkeit<\/cite> 3 (2004) [mittlerweile nicht mehr online zug\u00e4nglich]<\/li>\n<li>\u00bb\u00d6de Orte, \u00f6de Worte. Wenn die Provinz total wird, werden die Texte banal\u00ab, in: <cite>\u00bbProvinz!\u00ab lit04.de\u00a0\u2013 Magazin f\u00fcr Literaturkritik und literarische \u00d6ffentlichkeit<\/cite> 3 (2004) [mittlerweile nicht mehr online zug\u00e4nglich]<\/li>\n<li>\u00bbGender Trouble Tracks zum Nachdenken und Genie\u00dfen\u00ab [Rezension zu Thomas Meinecke: <cite>Tomboy<\/cite>], in: <cite>BDP Bundesinfo<\/cite> 97-02 \u00bbMann\/Frau\u00ab, Frankfurt\/Main: Juli 2002, S. 52.<\/li>\n<\/ul>\n<h2 id=\"artikel\">Sonstige Artikel<\/h2>\n<p><img loading=\"lazy\" decoding=\"async\" class=\"aligncenter size-full wp-image-276\" src=\"https:\/\/mirjambitter.de\/wp-content\/uploads\/2017\/10\/tastatur-schmaler.jpg\" alt=\"\" width=\"1926\" height=\"480\" srcset=\"https:\/\/mirjambitter.de\/wp-content\/uploads\/2017\/10\/tastatur-schmaler.jpg 1926w, https:\/\/mirjambitter.de\/wp-content\/uploads\/2017\/10\/tastatur-schmaler-300x75.jpg 300w, https:\/\/mirjambitter.de\/wp-content\/uploads\/2017\/10\/tastatur-schmaler-768x191.jpg 768w, https:\/\/mirjambitter.de\/wp-content\/uploads\/2017\/10\/tastatur-schmaler-1024x255.jpg 1024w\" sizes=\"auto, (max-width: 1926px) 100vw, 1926px\" \/><\/p>\n<ul>\n<li>Nachruf auf Barbara K\u00f6hler (1959-2021), in: <cite>\u00dcbersetzen<\/cite> 2 (2021), S. 12 f. <a href=\"https:\/\/zsue.de\/wp-content\/uploads\/2021\/12\/UE_02_2021.pdf\" target=\"_blank\" title=\"\u00f6ffnet in neuem Fenster\" rel=\"noopener\">Heft als PDF auf zsue.de<\/a><\/li>\n<li>\u00bb\u203aMan l\u00e4sst sich was einfallen, bis es anf\u00e4ngt zu schweben.\u2039 Zum Tod der Lyrikerin, Essayistin und \u00dcbersetzerin Barbara K\u00f6hler, ein Nachruf von Mirjam Bitter\u00ab, Januar 2021, online zug\u00e4nglich unter <a href=\"https:\/\/literaturuebersetzer.de\/aktuelles\/wir-trauern-um-barbara-koehler\/\" target=\"_blank\" rel=\"noopener noreferrer\">https:\/\/literaturuebersetzer.de\/aktuelles\/wir-trauern-um-barbara-koehler\/<\/a><\/li>\n<li>\u00bb\u00dcbersetzung in Zeiten der KI\u00ab, in: <cite>\u00dcbersetzen<\/cite> 1 (2020), S. 11. <a href=\"https:\/\/zsue.de\/wp-content\/uploads\/2020\/04\/Uebersetzen-2020-01.pdf\" target=\"_blank\" title=\"\u00f6ffnet in neuem Fenster\" rel=\"noopener\">Heft als PDF auf zsue.de<\/a><\/li>\n<li>\u00bbSch\u00f6ner stolpern\u00ab, in: <cite>JMB Journal Frauen<\/cite> 11 (2014), S. 58 f., online zug\u00e4nglich unter <a href=\"https:\/\/issuu.com\/jmb_journal\/docs\/jmb_journal_2014_-_2_web\/1\" target=\"_blank\" rel=\"noopener noreferrer\">https:\/\/issuu.com\/jmb_journal\/docs\/jmb_journal_2014_-_2_web\/1<\/a><\/li>\n<\/ul>\n<h3 id=\"blogerim\">Ausgew\u00e4hlte Artikel in <cite>Blogerim<\/cite><\/h3>\n<p><img loading=\"lazy\" decoding=\"async\" class=\"aligncenter size-full wp-image-133\" src=\"https:\/\/mirjambitter.de\/wp-content\/uploads\/2017\/10\/screenshot-blogerim.jpg\" alt=\"\" width=\"935\" height=\"114\" srcset=\"https:\/\/mirjambitter.de\/wp-content\/uploads\/2017\/10\/screenshot-blogerim.jpg 935w, https:\/\/mirjambitter.de\/wp-content\/uploads\/2017\/10\/screenshot-blogerim-300x37.jpg 300w, https:\/\/mirjambitter.de\/wp-content\/uploads\/2017\/10\/screenshot-blogerim-768x94.jpg 768w\" sizes=\"auto, (max-width: 935px) 100vw, 935px\" \/><\/p>\n<ul>\n<li style=\"list-style-type: none;\">\n<ul>\n<li>\u00bb\u203aWas k\u00f6nnen Sie uns als Autor und Zeuge der aktuellen Kriegs\u00adereignisse \u00fcber j\u00fcdisches Leben in Charkiw sagen?\u2039 Interview mit Serhij Zhadan, Schriftsteller, Musiker und dies\u00adj\u00e4hriger Friedens\u00adpreis\u00adtr\u00e4ger des Deutschen Buchhandels\u00ab, Online-Feature auf der Website des J\u00fcdischen Museums Berlin, 2022, online zug\u00e4nglich unter <a href=\"https:\/\/www.jmberlin.de\/feature-ukraine-im-kontext#lightbox-64189\" target=\"_blank\" rel=\"noopener noreferrer\">https:\/\/www.jmberlin.de\/feature-ukraine-im-kontext<\/a><\/li>\n<li>\u00bb\u203aIch f\u00fchlte mich seit diesem Tag wie eine Neugeborene.\u2039 Ein beeindruckendes Dokument aus unserer Sammlung \u00fcber die Befreiung 1945\u00ab, Online-Feature auf der Website des J\u00fcdischen Museums Berlin, 2020, online zug\u00e4nglich unter <a href=\"https:\/\/www.jmberlin.de\/node\/6979\" target=\"_blank\" rel=\"noopener noreferrer\">https:\/\/www.jmberlin.de\/feature-brief-brill-befreiung-1945<\/a><\/li>\n<li>\u00bb\u203aJegliche Kunst ist heutzutage unangemessen, die Inhumanit\u00e4t der Welt zu repr\u00e4sentieren.\u2039 Ein Gespr\u00e4ch mit Peter Weibel \u00fcber Boris Lurie als ultra-realistischen Neo-Avantgardisten und Pornografie als Metapher der kapitalistischen Gesellschaft\u00ab, in: <cite>Blogerim. Aus dem Alltag des J\u00fcdischen Museums Berlin<\/cite>, online zug\u00e4nglich unter <a href=\"https:\/\/www.jmberlin.de\/blog\/2016\/05\/peter-weibel-ueber-boris-lurie\/\" target=\"_blank\" rel=\"noopener noreferrer\">https:\/\/www.jmberlin.de\/blog\/2016\/05\/peter-weibel-ueber-boris-lurie\/<\/a><\/li>\n<li>\u00bbDas Verm\u00e4chtnis einer langen Karriere gegen alle Widerst\u00e4nde. Die Filmhistorikerin Claudia Dillmann \u00fcber die Artur-Brauner-Filmsammlung in unserer Bibliothek.\u00ab, in: <cite>Blogerim. Aus dem Alltag des J\u00fcdischen Museums Berlin<\/cite>, online zug\u00e4nglich unter <a href=\"https:\/\/www.jmberlin.de\/node\/10241\" target=\"_blank\" rel=\"noopener noreferrer\">https:\/\/www.jmberlin.de\/interview-dillmann-ueber-artur-brauner<\/a><\/li>\n<li>\u00bbWut und Ekel eines aus der Welt gefallenen K\u00fcnstlers. Programmdirektorin Cilly Kugelmann \u00fcber die Ausstellung <cite>Keine Kompromisse! Die Kunst des Boris Lurie<\/cite>\u00ab, in: <cite>Blogerim. Aus dem Alltag des J\u00fcdischen Museums Berlin<\/cite>, online zug\u00e4nglich unter <a href=\"https:\/\/www.jmberlin.de\/blog\/2016\/02\/kugelmann-ueber-lurie\/\" target=\"_blank\" rel=\"noopener noreferrer\">https:\/\/www.jmberlin.de\/blog\/2016\/02\/kugelmann-ueber-lurie\/<\/a><\/li>\n<li>\u00bbVerwirrende Verm\u00e4chtnisse. Deborah Wargons Werke f\u00fcr unseren Kunstautomaten holen unter den Teppich Gekehrtes hervor\u00ab, in: <cite>Blogerim. Aus dem Alltag des J\u00fcdischen Museums Berlin<\/cite>, online zug\u00e4nglich unter <a href=\"https:\/\/www.jmberlin.de\/blog\/2014\/09\/verwirrende-vermaechtnisse\/\" target=\"_blank\" rel=\"noopener noreferrer\">https:\/\/www.jmberlin.de\/blog\/2014\/09\/verwirrende-vermaechtnisse\/<\/a><\/li>\n<\/ul>\n<\/li>\n<\/ul>\n<h3 id=\"blogkow\">Ausgew\u00e4hlte Artikel in <cite>Kultur oder Wissenschaft<\/cite><\/h3>\n<p><img loading=\"lazy\" decoding=\"async\" class=\"aligncenter size-full wp-image-129\" src=\"https:\/\/mirjambitter.de\/wp-content\/uploads\/2017\/10\/blogkow-bild.jpg\" alt=\"\" width=\"760\" height=\"190\" srcset=\"https:\/\/mirjambitter.de\/wp-content\/uploads\/2017\/10\/blogkow-bild.jpg 760w, https:\/\/mirjambitter.de\/wp-content\/uploads\/2017\/10\/blogkow-bild-300x75.jpg 300w\" sizes=\"auto, (max-width: 760px) 100vw, 760px\" \/><\/p>\n<p>Seit 2009 \u00fcber 80 Artikel zu diversen kulturellen, politischen, literarischen oder wissenschaftlichen<br \/>\nThemen, vgl. <a href=\"https:\/\/blogkow.wordpress.com\/author\/mimmiamara\/\" target=\"_blank\" rel=\"noopener noreferrer\">https:\/\/blogkow.wordpress.com\/author\/mimmiamara\/<\/a>, darunter z.\u00a0B.:<\/p>\n<ul>\n<li>\u00bbTrau keiner \u00dcbersetzungsmaschine, die du nicht selbst trainiert hast\u00ab, online zug\u00e4nglich unter <a href=\"https:\/\/blogkow.wordpress.com\/2020\/01\/17\/uebersetzung-in-zeiten-von-ki\/\" target=\"_blank\" rel=\"noopener noreferrer\">https:\/\/blogkow.wordpress.com\/2020\/01\/17\/uebersetzung-in-zeiten-von-ki\/<\/a><\/li>\n<li>\u00bb\u00c4sthetik ist kein Totschlagargument \u2013 \u00fcber ethische Entscheidungen beim Verfassen und \u00dcbersetzen von Literatur\u00ab, online zug\u00e4nglich unter <a href=\"https:\/\/blogkow.wordpress.com\/2019\/09\/09\/aesthetik-ist-kein-totschlagargument\/\" target=\"_blank\" rel=\"noopener noreferrer\">https:\/\/blogkow.wordpress.com\/2019\/09\/09\/aesthetik-ist-kein-totschlagargument\/<\/a><\/li>\n<li>\u00bbWie klingelt ein Dildofon? Recherchereise in die Abgr\u00fcnde deutschen Liedguts\u00ab, online zug\u00e4nglich unter <a href=\"https:\/\/blogkow.wordpress.com\/2019\/06\/21\/wie-klingelt-ein-dildofon\/\" target=\"_blank\" rel=\"noopener noreferrer\">https:\/\/blogkow.wordpress.com\/2019\/06\/21\/wie-klingelt-ein-dildofon\/<\/a><\/li>\n<li>\u00bbFiktionsbescheinigungen und Zebras \u2013 ein erhellender James-Baldwin-Abend im LCB\u00ab, online zug\u00e4nglich unter <a href=\"https:\/\/blogkow.wordpress.com\/2019\/03\/09\/james-baldwin-lcb\/\" target=\"_blank\" rel=\"noopener noreferrer\">https:\/\/blogkow.wordpress.com\/2019\/03\/09\/james-baldwin-lcb\/<\/a><\/li>\n<li>\u00bbGrillen \u00dcbersetzer*innen Ameisen? Wie ein Abend im Italienischen Kulturinstitut auf tierische Art den Spieltrieb weckte\u00ab, online zug\u00e4nglich unter <a href=\"https:\/\/blogkow.wordpress.com\/2017\/11\/05\/grillen-uebersetzerinnen-ameisen\/\" target=\"_blank\" rel=\"noopener noreferrer\">https:\/\/blogkow.wordpress.com\/2017\/11\/05\/grillen-uebersetzerinnen-ameisen\/<\/a><\/li>\n<li>\u00bbStil\u00fcbungen. Man muss sich das \u00dcbersetzen als eine ernste Angelegenheit vorstellen\u00ab, online zug\u00e4nglich unter <a href=\"https:\/\/blogkow.wordpress.com\/2016\/06\/05\/stiluebungen\/\" target=\"_blank\" rel=\"noopener noreferrer\">https:\/\/blogkow.wordpress.com\/2016\/06\/05\/stiluebungen\/<\/a><\/li>\n<li>\u00bbVoll digital?\u00ab, online zug\u00e4nglich unter <a href=\"https:\/\/blogkow.wordpress.com\/2014\/11\/15\/voll-digital\/\" target=\"_blank\" rel=\"noopener noreferrer\">https:\/\/blogkow.wordpress.com\/2014\/11\/15\/voll-digital\/<\/a><\/li>\n<li>\u00bbDie eigenen Fundamente angreifen \u2013 Spivak und Butler in Frankfurt\u00ab, online zug\u00e4nglich unter <a href=\"https:\/\/blogkow.wordpress.com\/2011\/05\/26\/die-eigenen-fundamente-angreifen-%e2%80%93-spivak-und-butler-in-frankfurt\/\" target=\"_blank\" rel=\"noopener noreferrer\">https:\/\/blogkow.wordpress.com\/2011\/05\/26\/die-eigenen-fundamente-angreifen-%e2%80%93-spivak-und-butler-in-frankfurt\/<\/a><\/li>\n<li>\u00bbGoethes Erben oder 77 x 20 Minuten Ruhm auf der Buchmesse\u00ab, online zug\u00e4nglich unter <a href=\"https:\/\/blogkow.wordpress.com\/2011\/03\/16\/goethes-erben-oder-77-x-20-minuten-ruhm-auf-der-buchmesse\/\" target=\"_blank\" rel=\"noopener noreferrer\">https:\/\/blogkow.wordpress.com\/2011\/03\/16\/goethes-erben-oder-77-x-20-minuten-ruhm-auf-der-buchmesse\/<\/a><\/li>\n<li>\u00bbopen mike, das erweiterte Berlinfr\u00fchst\u00fcck\u00ab, online zug\u00e4nglich unter <a href=\"https:\/\/blogkow.wordpress.com\/2010\/11\/15\/open-mike-das-erweiterte-berlinfruhstuck\/\" target=\"_blank\" rel=\"noopener noreferrer\">https:\/\/blogkow.wordpress.com\/2010\/11\/15\/open-mike-das-erweiterte-berlinfruhstuck\/<\/a><\/li>\n<li>\u00bbSie und Er, Italienisch und Deutsch \u2013 Ein Abend mit Andrea De Carlo als performative Hommage an s\u00e4mtliche Klischees\u00ab, online zug\u00e4nglich unter <a href=\"https:\/\/blogkow.wordpress.com\/2010\/10\/07\/sie-und-er-italienisch-und-deutsch-ein-abend-mit-andrea-de-carlo-als-performative-hommage-an-samtliche-klischees\/\" target=\"_blank\" rel=\"noopener noreferrer\">https:\/\/blogkow.wordpress.com\/2010\/10\/07\/sie-und-er-italienisch-und-deutsch-ein-abend-mit-andrea-de-carlo-als-performative-hommage-an-samtliche-klischees\/<\/a><\/li>\n<li>\u00bbDas Versprechen der Popmusik \u2013 Auschwitz tanzen\u00ab, online zug\u00e4nglich unter <a href=\"https:\/\/blogkow.wordpress.com\/2010\/08\/18\/das-versprechen-der-popmusik-%e2%80%93-auschwitz-tanzen\/\" target=\"_blank\" rel=\"noopener noreferrer\">https:\/\/blogkow.wordpress.com\/2010\/08\/18\/das-versprechen-der-popmusik-%e2%80%93-auschwitz-tanzen\/<\/a><\/li>\n<li>\u00bbButler in Berlin\u00ab, online zug\u00e4nglich unter <a href=\"https:\/\/blogkow.wordpress.com\/2010\/06\/21\/butler-in-berlin\/\" target=\"_blank\" rel=\"noopener noreferrer\">https:\/\/blogkow.wordpress.com\/2010\/06\/21\/butler-in-berlin\/<\/a><\/li>\n<li>\u00bbF(r)otzeleien in der Wissenschaft oder Immer noch gender trouble\u00ab, online zug\u00e4nglich unter <a href=\"https:\/\/blogkow.wordpress.com\/2010\/05\/10\/frotzeleien-in-der-wissenschaft-oder-immer-noch-gender-trouble\/\" target=\"_blank\" rel=\"noopener noreferrer\">https:\/\/blogkow.wordpress.com\/2010\/05\/10\/frotzeleien-in-der-wissenschaft-oder-immer-noch-gender-trouble\/<\/a><\/li>\n<li>\u00bbTurnen am Sprachseil oder mit M. um die H\u00e4user ziehen\u00ab, online zug\u00e4nglich unter <a href=\"https:\/\/blogkow.wordpress.com\/2009\/11\/30\/turnen-am-sprachseil-oder-mit-m-um-die-hauser-ziehen\/\" target=\"_blank\" rel=\"noopener noreferrer\">https:\/\/blogkow.wordpress.com\/2009\/11\/30\/turnen-am-sprachseil-oder-mit-m-um-die-hauser-ziehen\/<\/a><\/li>\n<\/ul>\n<\/li>\n<\/ul>\n","protected":false},"excerpt":{"rendered":"<p>Rezensionen Sonstige Artikel Ausgew\u00e4hlte Artikel in Blogerim Ausgew\u00e4hlte Artikel in Kultur oder Wissenschaft Rezensionen \u00bbEin Schwein geht um in Europa. Robert Menasse erz\u00e4hlt die EU als von Menschen gemacht \u2013 und deshalb tragikomisch\u00ab [Rezension zu Robert Menasse: Die Hauptstadt], in: Kultur oder Wissenschaft, online zug\u00e4nglich unter https:\/\/blogkow.wordpress.com\/2018\/03\/07\/menasse-hauptstadt\/ \u00bb\u203aJo, bist eh [&hellip;]<\/p>\n","protected":false},"author":1,"featured_media":477,"parent":50,"menu_order":3,"comment_status":"closed","ping_status":"closed","template":"","meta":{"footnotes":""},"class_list":["post-75","page","type-page","status-publish","has-post-thumbnail","hentry"],"_links":{"self":[{"href":"https:\/\/mirjambitter.de\/index.php\/wp-json\/wp\/v2\/pages\/75","targetHints":{"allow":["GET"]}}],"collection":[{"href":"https:\/\/mirjambitter.de\/index.php\/wp-json\/wp\/v2\/pages"}],"about":[{"href":"https:\/\/mirjambitter.de\/index.php\/wp-json\/wp\/v2\/types\/page"}],"author":[{"embeddable":true,"href":"https:\/\/mirjambitter.de\/index.php\/wp-json\/wp\/v2\/users\/1"}],"replies":[{"embeddable":true,"href":"https:\/\/mirjambitter.de\/index.php\/wp-json\/wp\/v2\/comments?post=75"}],"version-history":[{"count":32,"href":"https:\/\/mirjambitter.de\/index.php\/wp-json\/wp\/v2\/pages\/75\/revisions"}],"predecessor-version":[{"id":581,"href":"https:\/\/mirjambitter.de\/index.php\/wp-json\/wp\/v2\/pages\/75\/revisions\/581"}],"up":[{"embeddable":true,"href":"https:\/\/mirjambitter.de\/index.php\/wp-json\/wp\/v2\/pages\/50"}],"wp:featuredmedia":[{"embeddable":true,"href":"https:\/\/mirjambitter.de\/index.php\/wp-json\/wp\/v2\/media\/477"}],"wp:attachment":[{"href":"https:\/\/mirjambitter.de\/index.php\/wp-json\/wp\/v2\/media?parent=75"}],"curies":[{"name":"wp","href":"https:\/\/api.w.org\/{rel}","templated":true}]}}