{"id":69,"date":"2017-10-21T22:16:08","date_gmt":"2017-10-21T20:16:08","guid":{"rendered":"https:\/\/mirjambitter.de\/?page_id=69"},"modified":"2018-11-26T11:48:05","modified_gmt":"2018-11-26T10:48:05","slug":"wissenschaft","status":"publish","type":"page","link":"https:\/\/mirjambitter.de\/index.php\/veroeffentlichungen\/wissenschaft\/","title":{"rendered":"Wissenschaft"},"content":{"rendered":"<ol>\n<li><a href=\"#monografie\">Monografie<\/a><\/li>\n<li><a href=\"#aufsaetze\">Aufs\u00e4tze<\/a><\/li>\n<li><a href=\"#rezensionen\">Rezensionen &amp; Tagungsberichte<\/a><\/li>\n<li><a href=\"#vortraege\">Vortr\u00e4ge<\/a><\/li>\n<li><a href=\"#lehre\">Lehre<\/a><\/li>\n<\/ol>\n<p><img loading=\"lazy\" decoding=\"async\" class=\"alignright size-medium wp-image-148\" src=\"https:\/\/mirjambitter.de\/wp-content\/uploads\/2017\/10\/cover-mirjam-bitter-gedaechtnis-und-geschlecht-190x300.png\" alt=\"Buchcover: Mirjam Bitter &quot;Ged\u00e4chtnis und Geschlecht&quot;\" width=\"190\" height=\"300\" srcset=\"https:\/\/mirjambitter.de\/wp-content\/uploads\/2017\/10\/cover-mirjam-bitter-gedaechtnis-und-geschlecht-190x300.png 190w, https:\/\/mirjambitter.de\/wp-content\/uploads\/2017\/10\/cover-mirjam-bitter-gedaechtnis-und-geschlecht.png 240w\" sizes=\"auto, (max-width: 190px) 100vw, 190px\" \/><\/p>\n<h2 id=\"monografie\">Monografie<\/h2>\n<ul>\n<li>Mirjam Bitter: <cite>Ged\u00e4chtnis und Geschlecht. Darstellungen in der neueren j\u00fcdischen Literatur in Deutschland, \u00d6sterreich und Italien<\/cite>. G\u00f6ttingen: Wallstein 2016.<\/li>\n<\/ul>\n<p><a href=\"https:\/\/mirjambitter.de\/index.php\/gedaechtnis-und-geschlecht\/\">Zu einem Abstract und dem Inhaltsverzeichnis hier auf meiner Website &#8230;<\/a><\/p>\n<p><a href=\"http:\/\/www.wallstein-verlag.de\/9783835318373-mirjam-bitter-gedaechtnis-und-geschlecht.html\" target=\"_blank\" rel=\"noopener\">Zum Buch auf der Verlagshomepage &#8230;<\/a><\/p>\n<h2 id=\"aufsaetze\">Aufs\u00e4tze<\/h2>\n<p><img loading=\"lazy\" decoding=\"async\" class=\"aligncenter size-full wp-image-156\" src=\"https:\/\/mirjambitter.de\/wp-content\/uploads\/2017\/10\/meine-aufsaetze-in-sammelbaenden.jpg\" alt=\"\" width=\"1944\" height=\"615\" srcset=\"https:\/\/mirjambitter.de\/wp-content\/uploads\/2017\/10\/meine-aufsaetze-in-sammelbaenden.jpg 1944w, https:\/\/mirjambitter.de\/wp-content\/uploads\/2017\/10\/meine-aufsaetze-in-sammelbaenden-300x95.jpg 300w, https:\/\/mirjambitter.de\/wp-content\/uploads\/2017\/10\/meine-aufsaetze-in-sammelbaenden-768x243.jpg 768w, https:\/\/mirjambitter.de\/wp-content\/uploads\/2017\/10\/meine-aufsaetze-in-sammelbaenden-1024x324.jpg 1024w\" sizes=\"auto, (max-width: 1944px) 100vw, 1944px\" \/><\/p>\n<ul>\n<li>\u00bbDifferenz als Belastungsprobe. Verhandlungen des deutsch-j\u00fcdischen Gespr\u00e4chs in Bernhard Schlinks Erz\u00e4hlung \u203aDie Beschneidung\u2039\u00ab. In: <cite>Textpraxis<\/cite> 10 (2015) 1, online zug\u00e4nglich unter: <a href=\"http:\/\/www.uni-muenster.de\/textpraxis\/mirjam-bitter-differenz-als-belastungsprobe\" target=\"_blank\" rel=\"noopener\">http:\/\/www.uni-muenster.de\/textpraxis\/mirjam-bitter-differenz-als-belastungsprobe<\/a>, URN: urn:nbn:de:hbz:6-19289669084.<\/li>\n<li><span lang=\"en\">\u00bbYoung Jewish Literature as a (Re-)Emerging Phenomenon. Transnational European Identities in Helena Janeczeks Novel <cite>Lezioni di tenebra<\/cite>\u00ab, in: <cite>Contemporary Developments in Emergent Literatures and the New Europe<\/cite><\/span>. Hrsg. v. C\u00e9sar Dom\u00ednguez und Manus O&#8217;Dwyer. Santiago de Compostela: Servizo de Publicaci\u00f3ns e Intercambio Cient\u00edfico 2014, S. 145\u2013163.<\/li>\n<li>\u00bbTranspositionen von Text, Textil und Textur. Barbara K\u00f6hlers und Rosi Braidottis Entw\u00fcrfe beweglicher, aber nicht haltloser Subjektivit\u00e4ten\u00ab, in: <cite><span lang=\"en\">An Odyssey for our time<\/span>: Barbara K\u00f6hler\u2018s Niemands Frau<\/cite>. Hrsg. v. Georgina Paul. Amsterdam: Rodopi 2013 (Reihe German Monitor, Bd. 78), S. 117\u2013138.<\/li>\n<li>\u00bbInterdependenzen. Erinnern und Vergessen im Spannungsfeld vielfacher Identit\u00e4tskategorien in Doron Rabinovicis Roman <cite>Ohnehin<\/cite>\u00ab, in: <cite>Kulturanalyse im zentraleurop\u00e4ischen Kontext<\/cite>. Hrsg. v. Daniela Finzi, Ingo Lauggas, Wolfgang M\u00fcller-Funk, Marijan Bobinac, Oto Luthar u. Frank Stern. T\u00fcbingen: Francke 2011, S. 167\u2013179.<\/li>\n<li>\u00bb\u203aMister Holocaust 1989\u2039 und die g\u00f6ttliche Gaia. Religi\u00f6se und soziale Scham in Alessandro Pipernos <cite><span lang=\"it\">Con le peggiori intenzioni<\/span><\/cite>\u00ab, in: <cite>Scham und Schuld. Geschlechter(sub)texte der Shoah<\/cite>. Hrsg. v. Maja Figge, Konstanze Hanitzsch u. Nadine Teuber. Bielefeld: transcript 2010, S. 237\u2013256. <a href=\"https:\/\/www.transcript-verlag.de\/author\/bitter-mirjam-320011924\/\" target=\"_blank\" title=\"\u00f6ffnet in neuem Fenster\">Zur Leseprobe auf der Verlagshomepage &#8230;<\/a><\/li>\n<li>\u00bb(De)Maskierungen in Doron Rabinovicis <cite>Ohnehin<\/cite>\u00ab, in: <cite>MALCA-Konferenz E-Journal<\/cite> 1 (2010). Hrsg. v. Anna Babka und Susanne Hochreiter. <a href=\"http:\/\/malca.univie.ac.at\/home\/e-journal-nr-1-2010-malca-konferenz-wien-2010\/\" target=\"_blank\" rel=\"noopener\">http:\/\/malca.univie.ac.at\/home\/e-journal-nr-1-2010-malca-konferenz-wien-2010\/<\/a>.<\/li>\n<\/ul>\n<h2 id=\"rezensionen\">Rezensionen &amp; Tagungsberichte<\/h2>\n<ul>\n<li>Rezension zu Matthias N. Lorenz (Gastred.): <cite>Juden.Bilder<\/cite>. M\u00fcnchen: edition text+kritik, 2008, in: <cite>LWU \u2013 Literatur in Wissenschaft und Unterricht<\/cite> 41 (2008), 1, S. 68\u201370. [erschienen 2010]<\/li>\n<li>Tagungsbericht zur Internationalen Graduiertenkonferenz \u00bbKulturanalyse im zentraleurop\u00e4ischen Kontext\u00ab, Universit\u00e4t Wien, 24.\u201326. September 2009, in: <cite>KULT_online<\/cite> 21 (2009), online zug\u00e4nglich unter <a href=\"http:\/\/kult-online.uni-giessen.de\/archiv\/veranstaltungsberichte\/bericht-zur-tagung-kulturanalyse-im-zentraleuropaeischen-kontext\" target=\"_blank\" rel=\"noopener\">http:\/\/kult-online.uni-giessen.de\/archiv\/veranstaltungsberichte\/bericht-zur-tagung-kulturanalyse-im-zentraleuropaeischen-kontext<\/a>.<\/li>\n<li>\u00bbIn Geschichten verstrickt. Auf der Suche nach Fakten und Fiktionen <span lang=\"en\">\u2013<\/span>Tagung der <span lang=\"en\">GCSC-Research Area \u203aCulture and Narration\u2039<\/span>\u00ab, in: <cite>uniforum<\/cite> 1 (12. M\u00e4rz 2009), S. 6.<\/li>\n<li>\u00bbAuf der Suche nach Kultur- und Identit\u00e4tsregionen: Ein- und Ausblicke der International Summer School <span lang=\"en\">\u203aRegions of Culture \u2013 Regions of Identity\u2039<\/span>\u00ab, in: <cite>Geschichte und Region\/Storia e regione<\/cite> 18 (2009), 1, S. 172\u2013179. (zusammen mit Sibylle Baumbach)<\/li>\n<li>Tagungsbericht zur International Summer School des GCSC <span lang=\"en\">\u00bbRegions of Culture \u2013 Regions of Identity\u00ab<\/span>, Rauischholzhausen, 13.\u201323. Juli 2008, in: <cite>H-Soz-u-Kult<\/cite>, 2.9.2008, online zug\u00e4nglich unter <a href=\"http:\/\/www.hsozkult.de\/conferencereport\/id\/tagungsberichte-2247\" target=\"_blank\" rel=\"noopener\">http:\/\/www.hsozkult.de\/conferencereport\/id\/tagungsberichte-2247<\/a> (zusammen mit Sibylle Baumbach)<\/li>\n<\/ul>\n<h2 id=\"vortraege\">Vortr\u00e4ge<\/h2>\n<ul>\n<li>10.9.2011: \u00bbTranspositionen von Text, Textil und Textur. Bewegung als Status quo?\u00ab, St. Hilda&#8217;s College, Oxford; Vortrag im Rahmen des Symposiums <span lang=\"en\">\u00bbAn Odyssey for our time<\/span>: Barbara K\u00f6hler&#8217;s <cite>Niemands Frau<\/cite>\u00ab, organisiert von Georgina Paul, 9.\u201310. September 2011<\/li>\n<li>9.6.2011: <span lang=\"en\">\u00bbIntroduction to Judith Butler\u00ab<\/span>, Justus-Liebig-Universit\u00e4t Gie\u00dfen; Sitzung im Rahmen der Vorlesung <span lang=\"en\">\u00bbFrom Feminism to Women&#8217;s Studies to Gender Studies to Queer Studies to&#8230;?\u00ab<\/span> von Prof. Dr. Greta Olson am Institut f\u00fcr Anglistik, SoSe 2011<\/li>\n<li>25.5.2010: \u00bb(De)Maskierungen in Doron Rabinovicis Roman <cite>Ohnehin<\/cite>\u00ab, Universit\u00e4t Wien; Vortrag im Rahmen der MALCA-Konferenz 2010 \u00bb\u00dcberkreuzungen. Verhandlungen kultureller, ethnischer, religi\u00f6ser und geschlechtlicher Identit\u00e4ten in \u00f6sterreichischer Literatur und Kultur\u00ab, veranstaltet von der Modern Austrian Literature and Culture Association (MALCA), Organisation und wissenschaftliche Leitung: Anna Babka\/Susanne Hochreiter, 22.\u201325. Mai 2010<\/li>\n<li>25.9.2009: \u00bbInterdependenzen. Erinnern und Vergessen im Spannungsfeld vielf\u00e4ltiger Identit\u00e4tskategorien in Doron Rabinovicis Roman <cite>Ohnehin<\/cite>\u00ab, Universit\u00e4t Wien; Vortrag im Rahmen der Graduiertenkonferenz \u00bbKulturanalyse im zentraleurop\u00e4ischen Kontext\u00ab, veranstaltet von der AG Kulturwissenschaften der Universit\u00e4t Wien in Zusammenarbeit mit Zagreb und Ljubljana, 24.\u201326. September 2009<\/li>\n<li>25.6.2009: \u00bb<span lang=\"en\">Young Jewish Literature as a (Re-)Emerging Phenomenon. Transnational European Identities in Helena Janeczek&#8217;s Novel <cite>Lezioni di tenebra<\/cite><\/span> (1997)\u00ab, Universidade de Santiago de Compostela; Vortrag im Rahmen des Hermes Seminar &amp; International Symposium \u00bb<span lang=\"en\">Contemporary Developments in Emergent Literatures and the New Europe\u00ab<\/span>, 22.\u201326. Juni 2009<\/li>\n<li>16.1.2009: \u00bbIntertextuelle Dialoge zwischen Romanen. Am Beispiel zweier Romane der sogenannten deutsch-j\u00fcdischen Literatur der Generation nach der Shoah\u00ab, Justus-Liebig-Universit\u00e4t Gie\u00dfen; Vorlesung im Rahmen der Doktorandenringvorlesung Germanistik \u00bbIntertextualit\u00e4t und Intermedialit\u00e4t. Aktuelle Forschungsfragen\u00ab, Organisation und wissenschaftliche Leitung: Cora Dietl, WS 2008\/09<\/li>\n<li>5.12.2008: \u00bbFamilie als Erz\u00e4hlgemeinschaft. Gegenl\u00e4ufige Funktionen von Fiktionalisierung in Eva Menasses Roman <cite>Vienna<\/cite> (2005)\u00ab, Justus-Liebig-Universit\u00e4t Gie\u00dfen; Vortrag im Rahmen der Tagung \u00bbNarrative Networks: Kultur und Narration im Spannungsfeld von Fakten und Fiktionen\u00ab, veranstaltet von der <span lang=\"en\">GCSC Research Area \u00bbCulture and Narration\u00ab<\/span>, 5.\u20137. Dezember 2008<\/li>\n<li>15.11.2008: \u00bb\u203aMister Holocaust 1989\u2039 und die g\u00f6ttliche Gaia. Verhandlungen von Scham und Erbs\u00fcnde in Alessandro Pipernos Roman <cite><span lang=\"it\">Con le peggiori intenzioni<\/span><\/cite> (2005)\u00ab, Humboldt-Universit\u00e4t zu Berlin; Vortrag im Rahmen der Konferenz \u00bbScham und Schuld. Geschlechter\u00ad(sub)texte der Shoah\u00ab, veranstaltet vom DFG-Graduiertenkolleg \u00bbGeschlecht als Wissenskategorie\u00ab, 14.\u201315. November 2008<\/li>\n<\/ul>\n<h2 id=\"lehre\">Lehre<\/h2>\n<ul>\n<li>16.5.2014: Workshop zur Literatur\u00ad\u00fcbersetzung aus dem Italienischen am Institut f\u00fcr Romanisik der Christian-Albrechts-Universit\u00e4t zu Kiel, im Rahmen des Projektes <a href=\"http:\/\/trad2l.tumblr.com\/ITDT14\" target=\"_blank\" rel=\"noopener\">TRAD2L<\/a> bzw. <a href=\"http:\/\/leggiio.tumblr.com\/PUB\" target=\"_blank\" rel=\"noopener\">Legg\u00ecIO<\/a><\/li>\n<li>9.6.2011: Vorlesung <span lang=\"en\">\u00bbIntroduction to Judith Butler\u00ab<\/span>, Sitzung im Rahmen der Vorlesung <span lang=\"en\">\u00bbFrom Feminism to Women&#8217;s Studies to Gender Studies to Queer Studies to&#8230;?\u00ab<\/span> von Prof. Dr. Greta Olson am Institut f\u00fcr Anglistik, Justus-Liebig-Universit\u00e4t Gie\u00dfen<\/li>\n<li>12.4.2011: \u00bbWie bringt man junge italienische Literatur nach Deutschland?\u00ab Podiumsdiskussion zusammen mit Paola Gallo (Lektorin Einaudi-Verlag) und Dr. Susanne Sch\u00fcssler (Leiterin Verlag Klaus Wagenbach), moderiert von Sabine Greiner; Veranstaltung des Italienzentrums der Freien Universit\u00e4t in Kooperation mit dem Italienischen Kulturinstitut Berlin<\/li>\n<li>WS 2010\/11: <span lang=\"en\">\u00bbecriture f\u00e9minine, Butler and Beyond: A Workshop on Political Approaches to Cultural Studies III\u00ab<\/span>, GCSC-Workshop, zusammen mit Mirjam Horn und Greta Olson<\/li>\n<li>16.1.2009: Vorlesung \u00bbIntertextuelle Dialoge zwischen Romanen\u00ab, Teaching Centre Zertifikat \u00bbKulturwissenschaftliche Ringvorlesung&#8220; f\u00fcr eine eigene Vorlesung am Institut f\u00fcr Germanistik der Justus-Liebig-Universit\u00e4t Gie\u00dfen<\/li>\n<li>SoSe 2008\u2013WS 2012 regelm\u00e4\u00dfig: \u00bbWissenschaftliches Schreiben: Textsorte Rezension\u00ab, erg\u00e4nzender Kurs zur Promotion im Rahmen des Gie\u00dfener Graduiertenzentrums Kulturwissenschaft<\/li>\n<\/ul>\n","protected":false},"excerpt":{"rendered":"<p>Monografie Aufs\u00e4tze Rezensionen &amp; Tagungsberichte Vortr\u00e4ge Lehre Monografie Mirjam Bitter: Ged\u00e4chtnis und Geschlecht. Darstellungen in der neueren j\u00fcdischen Literatur in Deutschland, \u00d6sterreich und Italien. G\u00f6ttingen: Wallstein 2016. Zu einem Abstract und dem Inhaltsverzeichnis hier auf meiner Website &#8230; Zum Buch auf der Verlagshomepage &#8230; Aufs\u00e4tze \u00bbDifferenz als Belastungsprobe. Verhandlungen des [&hellip;]<\/p>\n","protected":false},"author":1,"featured_media":156,"parent":50,"menu_order":0,"comment_status":"closed","ping_status":"closed","template":"","meta":{"footnotes":""},"class_list":["post-69","page","type-page","status-publish","has-post-thumbnail","hentry"],"_links":{"self":[{"href":"https:\/\/mirjambitter.de\/index.php\/wp-json\/wp\/v2\/pages\/69","targetHints":{"allow":["GET"]}}],"collection":[{"href":"https:\/\/mirjambitter.de\/index.php\/wp-json\/wp\/v2\/pages"}],"about":[{"href":"https:\/\/mirjambitter.de\/index.php\/wp-json\/wp\/v2\/types\/page"}],"author":[{"embeddable":true,"href":"https:\/\/mirjambitter.de\/index.php\/wp-json\/wp\/v2\/users\/1"}],"replies":[{"embeddable":true,"href":"https:\/\/mirjambitter.de\/index.php\/wp-json\/wp\/v2\/comments?post=69"}],"version-history":[{"count":19,"href":"https:\/\/mirjambitter.de\/index.php\/wp-json\/wp\/v2\/pages\/69\/revisions"}],"predecessor-version":[{"id":359,"href":"https:\/\/mirjambitter.de\/index.php\/wp-json\/wp\/v2\/pages\/69\/revisions\/359"}],"up":[{"embeddable":true,"href":"https:\/\/mirjambitter.de\/index.php\/wp-json\/wp\/v2\/pages\/50"}],"wp:featuredmedia":[{"embeddable":true,"href":"https:\/\/mirjambitter.de\/index.php\/wp-json\/wp\/v2\/media\/156"}],"wp:attachment":[{"href":"https:\/\/mirjambitter.de\/index.php\/wp-json\/wp\/v2\/media?parent=69"}],"curies":[{"name":"wp","href":"https:\/\/api.w.org\/{rel}","templated":true}]}}