{"id":325,"date":"2018-05-22T22:09:34","date_gmt":"2018-05-22T20:09:34","guid":{"rendered":"https:\/\/mirjambitter.de\/?page_id=325"},"modified":"2022-04-19T13:24:21","modified_gmt":"2022-04-19T11:24:21","slug":"datenschutzerklaerung","status":"publish","type":"page","link":"https:\/\/mirjambitter.de\/index.php\/datenschutzerklaerung\/","title":{"rendered":"Datenschutz&shy;erkl\u00e4rung"},"content":{"rendered":"<p>Die Betreiberin dieser Website nimmt den Schutz Ihrer pers\u00f6nlichen Daten sehr ernst. Ich und meine Auftrags\u00adverarbeiter behandeln Ihre personen\u00adbezogenen Daten vertraulich und entsprechend der gesetzlichen Datenschutz\u00advorschriften sowie dieser Datenschutz\u00aderkl\u00e4rung.<\/p>\n<p>Die Nutzung meiner Website ist in der Regel ohne Angabe personen\u00adbezogener Daten m\u00f6glich. Um dem Prinzip der Daten\u00adsparsamkeit zu entsprechen, also so wenige Daten wie m\u00f6glich zu erheben, nutze ich beispielsweise kein Statistik-Tool, mit dem Zugriffs\u00adzahlen erhoben und analysiert w\u00fcrden.<\/p>\n<p>Soweit auf meiner Seite personen\u00adbezogene Daten (beispielsweise Name, Anschrift oder E-Mail-Adressen) erhoben werden, erfolgt dies, soweit m\u00f6glich, stets auf freiwilliger Basis. Diese Daten werden ohne Ihre ausdr\u00fcckliche Zustimmung nicht an Dritte weitergegeben \u2013 es sei denn, dies ist zur Erf\u00fcllung einer rechtlichen Verpflichtung oder zur Wahrung berechtigter Interessen erforderlich und es besteht kein Grund zu der Annahme, dass Sie ein \u00fcberwiegendes schutz\u00adw\u00fcrdiges Interesse an der Nicht\u00adweitergabe Ihrer Daten haben.<\/p>\n<p>Ich speichere Ihre personen\u00adbezogenen Daten nur so lange, wie dies zur Erreichung der in dieser Datenschutz\u00aderkl\u00e4rung genannten Zwecke erforderlich ist oder wie es die vom Gesetz\u00adgeber vorgesehenen vielf\u00e4ltigen Speicher\u00adfristen vorsehen. Nach Fort\u00adfall des jeweiligen Zweckes bzw. Ablauf dieser Fristen werden die entsprechenden Daten routine\u00adm\u00e4\u00dfig und entsprechend den gesetzlichen Vorschriften gesperrt oder gel\u00f6scht.<\/p>\n<h2>Sicherheit Ihrer Daten: SSL-Verschl\u00fcsselung<\/h2>\n<p>Diese Seite nutzt aus Gr\u00fcnden der Sicherheit und zum Schutz der \u00dcbertragung vertraulicher Inhalte, wie zum Beispiel der Anfragen, die Sie an mich senden, eine SSL-Verschl\u00fcsselung. So k\u00f6nnen die Daten, die Sie an mich \u00fcbermitteln, nicht von Dritten mitgelesen werden.<\/p>\n<h2>Erfassung allgemeiner Informationen beim Besuch meiner Website<\/h2>\n<p>Der Provider der Seiten erhebt und speichert automatisch Informationen in so genannten Server-Log Files, die Ihr Browser automatisch an uns \u00fcbermittelt. Dies sind etwa:<\/p>\n<ul>\n<li>Browsertyp und Browser\u00adversion<\/li>\n<li>verwendetes Betriebs\u00adsystem<\/li>\n<li>Referrer URL, d.\u00a0h. die Seite, von der Sie auf die aktuell betrachtete Seite gelangt sind<\/li>\n<li>eine Internet-Protokoll-Adresse (IP-Adresse)<\/li>\n<li>Datum und Uhrzeit der Server\u00adanfrage<\/li>\n<\/ul>\n<p>Diese Informationen dienen der Analyse von potentiellen Fehlern sowie der Missbrauchsdetektion; beispielsweise lassen sich IP-Adressen nach mehreren missgl\u00fcckten Anmeldeversuchen bannen, um Hackerangriffe zu verhindern. Diese Daten werden also erhoben f\u00fcr:<\/p>\n<ul>\n<li>die Sicherstellung eines problem\u00adlosen Verbindungs\u00adaufbaus der Website,<\/li>\n<li>die Sicherstellung einer reibungs\u00adlosen Nutzung meiner Website,<\/li>\n<li>die Auswertung der System\u00adsicherheit und -stabilit\u00e4t sowie<\/li>\n<li>zu weiteren administrativen Zwecken.<\/li>\n<\/ul>\n<p><span id=\"cookies\">Nur wenn uns konkrete Anhalts\u00adpunkte f\u00fcr eine rechtswidrige Nutzung bekannt werden, behalten wir uns vor, diese Daten nachtr\u00e4glich zu pr\u00fcfen, um sie bestimmten Personen zuzuordnen. Allgemein wird eine Zusammen\u00adf\u00fchrung dieser Daten mit anderen Daten\u00adquellen nicht vorgenommen. Die Speicherdauer der vollst\u00e4ndigen IP-Adresse betr\u00e4gt 24 Stunden, anschlie\u00dfend wird die letzte Ziffer durch eine 0 ersetzt. Diese anonymisierten Daten werden bis zu einem Jahr aufgehoben und anschlie\u00dfend automatisiert gel\u00f6scht.<\/span><\/p>\n<p>Der Betreiber des Servers, auf dem meine Website liegt, gew\u00e4hrleistet die Einhaltung der aktuellen Datenschutz\u00adgesetze.<\/p>\n<h2>Cookies<\/h2>\n<p>Wie viele andere Websites verwendet auch meine Website teilweise so genannte Cookies. Cookies sind kleine Text\u00addateien, die auf Ihrem Rechner abgelegt werden und die Ihr Browser speichert. Sie richten auf Ihrem Rechner keinen Schaden an und enthalten keine Viren. Cookies dienen dazu, das Angebot nutzungs\u00adfreundlicher, effektiver und sicherer zu machen.<\/p>\n<p>Die meisten der hier verwendeten Cookies sind so genannte \u00bbSession-Cookies\u00ab. Sie werden nach Ende Ihres Besuchs automatisch gel\u00f6scht. Andere Cookies bleiben auf Ihrem Endger\u00e4t gespeichert, bis Sie diese l\u00f6schen. Diese Cookies erm\u00f6glichen es uns, Ihren Browser beim n\u00e4chsten Besuch wieder\u00adzuerkennen.<\/p>\n<p>Ausf\u00fchrlichere Informationen zu Cookies und pers\u00f6nliche Einstellungsm\u00f6glichkeiten finden Sie in der <a href=\"\/index.php\/cookie-richtlinie-eu\/\">Cookie-Richtlinie<\/a> dieser Website.<\/p>\n<p><!--In keinem Fall werden die von uns erfassten Daten an Dritte weiter&shy;gegeben oder ohne Ihre Einwilligung eine Verkn\u00fcpfung mit personen&shy;bezogenen Daten hergestellt. Nat\u00fcrlich k\u00f6nnen Sie meine Website grund&shy;s\u00e4tzlich auch ohne Cookies ansehen. Internet-Browser sind regelm\u00e4\u00dfig so eingestellt, dass sie Cookies akzeptieren. Im Allgemeinen k\u00f6nnen Sie die Verwendung von Cookies jederzeit \u00fcber die Einstellungen Ihres Browsers deaktivieren. Viele Browser lassen sich zudem so einstellen, dass Sie \u00fcber das Setzen von Cookies informiert werden und Cookies nur im Einzelfall erlauben, die Annahme von Cookies f\u00fcr bestimmte F\u00e4lle ausschlie\u00dfen sowie das automatische L\u00f6schen der Cookies beim Schlie\u00dfen des Browser aktivieren. Bitte verwenden Sie die Hilfe&shy;funktionen Ihres Internet&shy;browsers, um zu erfahren, wie Sie diese Einstellungen \u00e4ndern k\u00f6nnen. Bei der Deaktivierung von Cookies kann die Funktionalit\u00e4t dieser Website eingeschr\u00e4nkt sein.--><\/p>\n<h2 id=\"kontaktformular\">Kontakt\u00adm\u00f6glichkeiten \u00fcber meine Website<\/h2>\n<p>Treten Sie mit Fragen jeglicher Art per E-Mail oder Kontakt\u00adformular mit mir in Kontakt, erteilen Sie mir Ihre freiwillige Einwilligung f\u00fcr eine Kontakt\u00adaufnahme. Hierf\u00fcr ist die Angabe einer validen E-Mail-Adresse erforderlich. Diese dient der Zuordnung der Anfrage und deren anschlie\u00dfender Beantwortung. Die Angabe weiterer Daten ist optional.<\/p>\n<p>Die von Ihnen gemachten Angaben werden zwecks Bearbeitung der Anfrage und f\u00fcr den Fall von Anschluss\u00adfragen bei mir gespeichert. Diese Daten gebe ich nicht ohne Ihre Einwilligung weiter. Wenn aus Ihrer Sicht kein weiterer Grund besteht, in Kontakt zu bleiben, l\u00f6sche ich Ihre personen\u00adbezogenen Daten auf Anfrage gerne wieder.<\/p>\n<p>Anfragen die Sie \u00fcber die angegebene E-Mail-Adresse oder das Kontakt\u00adformular an mich senden, bearbeite ich mit Outlook.com, das zu Microsoft geh\u00f6rt. Mit den Microsoft-Bestimmungen f\u00fcr Online-Dienste vom 1. April 2018 liegt ein Verarbeitungsvertrag vor, der den Bestimmungen der Datenschutz-Grundverordnung (DSGVO) Rechnung tr\u00e4gt. Eine Speicherung Ihrer Angaben in der Datenbank meiner Website erfolgt nicht.<\/p>\n<p>Ich weise darauf hin, dass die Daten\u00ad\u00fcbertragung im Internet (z. B. bei der Kommunikation per E-Mail) Sicherheits\u00adl\u00fccken aufweisen kann. Ein l\u00fccken\u00adloser Schutz der Daten vor dem Zugriff durch Dritte ist nicht m\u00f6glich. Aus diesem Grund finden Sie auf meiner Kontakt\u00adseite unter dem Kontakt\u00adformular alternativ auch meine Post\u00adanschrift und meine Telefon\u00adnummer, sollten Sie diesen Weg der Kontakt\u00adaufnahme bevorzugen.<\/p>\n<h2>\u00c4nderung meiner Datenschutz\u00adbestimmungen<\/h2>\n<p>Ich behalte mir vor, diese Datenschutz\u00aderkl\u00e4rung anzupassen, damit sie stets den aktuellen rechtlichen Anforderungen entspricht oder um \u00c4nderungen meiner Leistungen in der Datenschutz\u00aderkl\u00e4rung umzusetzen, z.B. bei der Einf\u00fchrung neuer Services. F\u00fcr Ihren erneuten Besuch gilt dann die neue Datenschutz\u00aderkl\u00e4rung.<\/p>\n<h2>Ihre Fragen zum Datenschutz dieser Website<\/h2>\n<p>Verantwortliche Stelle im Sinne der Datenschutz\u00adgesetze, insbesondere der EU-Datenschutz\u00adgrundverordnung (DSGVO), ist:<\/p>\n<address>Dr. Mirjam Bitter<br \/>\nEschersheimer Str. 33<br \/>\n12099 Berlin<br \/>\nTelefon: +49 175 8350004<br \/>\nE-Mail: mirjambitter[at]hotmail[punkt]com<\/address>\n<p>Unter den angegebenen Kontakt\u00addaten k\u00f6nnen Sie mich jederzeit fragen, ob und welche Daten von Ihnen bei mir gespeichert sind sowie ob, warum und wie diese verarbeitet wurden. Selbstverst\u00e4ndlich berichtige ich auf Anfrage unrichtige personen\u00adbezogene Daten oder l\u00f6sche diese auf Wunsch bzw. schr\u00e4nke die Daten\u00adverarbeitung ein, sofern ich Ihre Daten aufgrund gesetzlicher Pflichten noch nicht l\u00f6schen darf.<\/p>\n<p>Falls Sie mir eine Einwilligung zur Verarbeitung Ihrer Daten erteilt haben (erforderlich zur Nutzung meines Kontakt\u00adformulars (s.o.)), k\u00f6nnen Sie diese jederzeit mit Wirkung f\u00fcr die Zukunft widerrufen.<\/p>\n<p>Sie k\u00f6nnen sich zudem jederzeit mit einer Beschwerde an die f\u00fcr Sie zust\u00e4ndige Aufsichts\u00adbeh\u00f6rde wenden. Wer zust\u00e4ndig ist, richtet sich nach dem Bundesland Ihres Wohnsitzes, Ihrer Arbeit oder der mutma\u00dflichen Verletzung. Eine Liste der Aufsichts\u00adbeh\u00f6rden (f\u00fcr den nicht\u00ad\u00f6ffentlichen Bereich) mit Anschrift finden Sie auf der <a title=\"\u00f6ffnet in neuem Fenster\" href=\"https:\/\/www.bfdi.bund.de\/DE\/Infothek\/Anschriften_Links\/anschriften_links-node.html\" target=\"_blank\" rel=\"noopener\">Website der Bundes\u00adbeauftragten f\u00fcr den Daten\u00adschutz und die Informations\u00adfreiheit<\/a>.<\/p>\n<h2>Widerspruch Werbe-Mails<\/h2>\n<p>Hiermit widerspreche ich der Nutzung meiner Kontakt\u00addaten, die hier f\u00fcr Datenschutz\u00adanfragen ver\u00f6ffentlicht sind, zur \u00dcbersendung von nicht ausdr\u00fccklich angeforderter Werbung und Informations\u00admaterialien. Die Betreiberin dieser Website beh\u00e4lt sich ausdr\u00fccklich rechtliche Schritte im Falle der unverlangten Zusendung von Werbe\u00adinformationen, etwa durch Spam-E-Mails, vor.<\/p>\n<p>&nbsp;<\/p>\n<p><small>F\u00fcr diese Datenschutz\u00aderkl\u00e4rung habe ich Text\u00adbausteine und Anregungen folgender Datenschutz\u00aderkl\u00e4rungs-Generatoren verwendet: <a title=\"\u00f6ffnet in neuem Fenster\" href=\"https:\/\/www.e-recht24.de\" target=\"_blank\" rel=\"noopener\">eRecht24<\/a>, <a title=\"\u00f6ffnet in neuem Fenster\" href=\"https:\/\/www.activemind.de\/datenschutz\/datenschutzhinweis-generator\/\" target=\"_blank\" rel=\"noopener\">activeMind AG<\/a> sowie der <a title=\"\u00f6ffnet in neuem Fenster\" href=\"https:\/\/dsgvo-muster-datenschutzerklaerung.dg-datenschutz.de\/\" target=\"_blank\" rel=\"noopener\">Deutschen Gesellschaft f\u00fcr Datenschutz GmbH<\/a> und sie an die konkreten Gegebenheiten meiner Website angepasst. Hilfreich war auch der Online-Kurs von Sabrina Keese-Haufs von lawlikes auf elopage.<\/small><\/p>\n","protected":false},"excerpt":{"rendered":"<p>Die Betreiberin dieser Website nimmt den Schutz Ihrer pers\u00f6nlichen Daten sehr ernst. Ich und meine Auftrags\u00adverarbeiter behandeln Ihre personen\u00adbezogenen Daten vertraulich und entsprechend der gesetzlichen Datenschutz\u00advorschriften sowie dieser Datenschutz\u00aderkl\u00e4rung. Die Nutzung meiner Website ist in der Regel ohne Angabe personen\u00adbezogener Daten m\u00f6glich. Um dem Prinzip der Daten\u00adsparsamkeit zu entsprechen, also [&hellip;]<\/p>\n","protected":false},"author":1,"featured_media":479,"parent":0,"menu_order":0,"comment_status":"closed","ping_status":"closed","template":"","meta":{"footnotes":""},"class_list":["post-325","page","type-page","status-publish","has-post-thumbnail","hentry"],"_links":{"self":[{"href":"https:\/\/mirjambitter.de\/index.php\/wp-json\/wp\/v2\/pages\/325","targetHints":{"allow":["GET"]}}],"collection":[{"href":"https:\/\/mirjambitter.de\/index.php\/wp-json\/wp\/v2\/pages"}],"about":[{"href":"https:\/\/mirjambitter.de\/index.php\/wp-json\/wp\/v2\/types\/page"}],"author":[{"embeddable":true,"href":"https:\/\/mirjambitter.de\/index.php\/wp-json\/wp\/v2\/users\/1"}],"replies":[{"embeddable":true,"href":"https:\/\/mirjambitter.de\/index.php\/wp-json\/wp\/v2\/comments?post=325"}],"version-history":[{"count":14,"href":"https:\/\/mirjambitter.de\/index.php\/wp-json\/wp\/v2\/pages\/325\/revisions"}],"predecessor-version":[{"id":525,"href":"https:\/\/mirjambitter.de\/index.php\/wp-json\/wp\/v2\/pages\/325\/revisions\/525"}],"wp:featuredmedia":[{"embeddable":true,"href":"https:\/\/mirjambitter.de\/index.php\/wp-json\/wp\/v2\/media\/479"}],"wp:attachment":[{"href":"https:\/\/mirjambitter.de\/index.php\/wp-json\/wp\/v2\/media?parent=325"}],"curies":[{"name":"wp","href":"https:\/\/api.w.org\/{rel}","templated":true}]}}